{"id":309485,"date":"2021-04-07T07:36:36","date_gmt":"2021-04-07T04:36:36","guid":{"rendered":"https:\/\/roqed.com\/partenaires-strategiques\/"},"modified":"2024-07-30T03:28:27","modified_gmt":"2024-07-30T00:28:27","slug":"partenaires-strategiques","status":"publish","type":"page","link":"https:\/\/roqed.com\/fr\/partenaires-strategiques\/","title":{"rendered":"Partenaires strat\u00e9giques"},"content":{"rendered":"[vc_section full_width=\u00a0\u00bbstretch_row\u00a0\u00bb content_placement=\u00a0\u00bbmiddle\u00a0\u00bb pix_bg_grdient=\u00a0\u00bbbg-gradient-dark\u00a0\u00bb pix_over_visibility=\u00a0\u00bb\u00a0\u00bb bottom_divider_select=\u00a0\u00bb18&Prime; b_has_animation=\u00a0\u00bbtrue\u00a0\u00bb b_1_color=\u00a0\u00bb#f8f9fa\u00a0\u00bb b_2_animation=\u00a0\u00bbfade-in-up\u00a0\u00bb b_3_animation=\u00a0\u00bbfade-in-up\u00a0\u00bb pix_overlay_color=\u00a0\u00bbgray-9&Prime; css=\u00a0\u00bb.vc_custom_1617770181794{padding-top: 40px !important;padding-bottom: 40px !important;background-image: url(https:\/\/roqed.com\/wp-content\/uploads\/2021\/03\/Webp.net-resizeimage-64.jpg?id=15216) !important;}\u00a0\u00bb b_custom_height=\u00a0\u00bb200px\u00a0\u00bb b_2_delay=\u00a0\u00bb200&Prime; b_3_delay=\u00a0\u00bb300&Prime; pix_overlay_opacity=\u00a0\u00bb0.9&Prime;][vc_row content_placement=\u00a0\u00bbmiddle\u00a0\u00bb pix_dark_mode=\u00a0\u00bbyes\u00a0\u00bb pix_particles_check=\u00a0\u00bb\u00a0\u00bb css=\u00a0\u00bb.vc_custom_1617768381762{padding-top: 60px !important;padding-bottom: 60px !important;}\u00a0\u00bb][vc_column content_align=\u00a0\u00bbtext-center\u00a0\u00bb css=\u00a0\u00bb.vc_custom_1590278076706{padding-top: 20px !important;padding-bottom: 20px !important;}\u00a0\u00bb]<div class=\"mb-3 text-center  vc_custom_1617768178685\"><h1 class=\"mb-32 pix-sliding-headline font-weight-bold secondary-font\" data-class=\"secondary-font text-heading-default\" data-style=\"\">Partenaires strat\u00e9giques<\/h1><\/div>[\/vc_column][\/vc_row][\/vc_section][vc_section full_width=\u00a0\u00bbstretch_row\u00a0\u00bb pix_over_visibility=\u00a0\u00bb\u00a0\u00bb css=\u00a0\u00bb.vc_custom_1592788883964{padding-top: 80px !important;padding-bottom: 80px !important;background-color: #f8f9fa !important;}\u00a0\u00bb][vc_row full_width=\u00a0\u00bbstretch_row\u00a0\u00bb pix_particles_check=\u00a0\u00bb\u00a0\u00bb][vc_column content_align=\u00a0\u00bbtext-center\u00a0\u00bb offset=\u00a0\u00bbvc_col-md-offset-1 vc_col-md-10&Prime;]<div class=\"pix-content-box card      vc_custom_1617768719536    rounded-10 shadow shadow-hover-lg fly-sm animate-in bg- w-100  \"  data-anim-type=\"fade-in-up\" data-anim-delay=\"0\"><div class=\"\" style=\"z-index:30;position:relative;\">[vc_row_inner content_placement=\u00a0\u00bbmiddle\u00a0\u00bb][vc_column_inner width=\u00a0\u00bb1\/3&Prime;]<div class=\"pix-img-div  text-center\"><div class=\"animate-in  d-inline-block\" data-anim-type=\"fade-in\" data-anim-delay=\"0\"><div class=\"pix-img-el    text-center d-inline-block  w-100 rounded-0\"  ><img decoding=\"async\" class=\"card-img2 pix-img-elem rounded-0  h-1002\" style=\"height:auto;\" width=\"302\" height=\"110\" srcset=\"https:\/\/roqed.com\/wp-content\/uploads\/2021\/04\/cropped-cropped-LearningForward_tag-logo.png 302w, https:\/\/roqed.com\/wp-content\/uploads\/2021\/04\/cropped-cropped-LearningForward_tag-logo-300x109.png 300w\" sizes=\"(max-width: 302px) 100vw, 302px\" src=\"https:\/\/roqed.com\/wp-content\/uploads\/2021\/04\/cropped-cropped-LearningForward_tag-logo.png\" alt=\"\" \/><\/div><\/div><\/div>[\/vc_column_inner][vc_column_inner width=\u00a0\u00bb2\/3&Prime;]<div class=\"pix-el-text slide-in-container w-100  \" ><div class=\"d-inline-block\" style=\"max-width:500px;\"><p class=\"text-18 m-0 text-body-default  \" ><span class=\"animate-in d-inline-block\" data-anim-delay=\"400\" data-anim-type=\"fade-in-up\">Learning Forward vous montre comment planifier, mettre en \u0153uvre et mesurer un apprentissage professionnel de haute qualit\u00e9 afin que vous et votre \u00e9quipe puissiez r\u00e9ussir avec votre syst\u00e8me, votre \u00e9cole et vos \u00e9l\u00e8ves.<\/span><\/p><\/div><\/div>[\/vc_column_inner][\/vc_row_inner]<\/div><\/div><div class=\"pix-content-box card      vc_custom_1617768719536    rounded-10 shadow shadow-hover-lg fly-sm animate-in bg- w-100  \"  data-anim-type=\"fade-in-up\" data-anim-delay=\"0\"><div class=\"\" style=\"z-index:30;position:relative;\">[vc_row_inner content_placement=\u00a0\u00bbmiddle\u00a0\u00bb][vc_column_inner width=\u00a0\u00bb1\/3&Prime;]<div class=\"pix-img-div  text-center\"><div class=\"animate-in  d-inline-block\" data-anim-type=\"fade-in\" data-anim-delay=\"0\"><div class=\"pix-img-el    text-center d-inline-block  w-100 rounded-0\"  ><img decoding=\"async\" class=\"card-img2 pix-img-elem rounded-0  h-1002\" style=\"height:auto;\" width=\"291\" height=\"77\" src=\"https:\/\/roqed.com\/wp-content\/uploads\/2021\/04\/logo-tli.png\" alt=\"\" \/><\/div><\/div><\/div>[\/vc_column_inner][vc_column_inner width=\u00a0\u00bb2\/3&Prime;]<div class=\"pix-el-text slide-in-container w-100  \" ><div class=\"d-inline-block\" style=\"max-width:500px;\"><p class=\"text-18 m-0 text-body-default  \" ><span class=\"animate-in d-inline-block\" data-anim-delay=\"400\" data-anim-type=\"fade-in-up\">Le Teacher Leadership Institute, anciennement appel\u00e9 Teacher Leadership Initiative (TLI), est une initiative globale visant \u00e0 recruter, pr\u00e9parer, activer et soutenir la prochaine g\u00e9n\u00e9ration d&rsquo;enseignants afin de transformer la profession enseignante.<\/span><\/p><\/div><\/div>[\/vc_column_inner][\/vc_row_inner]<\/div><\/div><div class=\"pix-content-box card      vc_custom_1617768719536    rounded-10 shadow shadow-hover-lg fly-sm animate-in bg- w-100  \"  data-anim-type=\"fade-in-up\" data-anim-delay=\"0\"><div class=\"\" style=\"z-index:30;position:relative;\">[vc_row_inner content_placement=\u00a0\u00bbmiddle\u00a0\u00bb][vc_column_inner width=\u00a0\u00bb1\/3&Prime;]<div class=\"pix-img-div  text-center\"><div class=\"animate-in  d-inline-block\" data-anim-type=\"fade-in\" data-anim-delay=\"0\"><div class=\"pix-img-el    text-center d-inline-block  w-100 rounded-0\"  ><img fetchpriority=\"high\" decoding=\"async\" class=\"card-img2 pix-img-elem rounded-0  h-1002\" style=\"height:auto;\" width=\"476\" height=\"219\" srcset=\"https:\/\/roqed.com\/wp-content\/uploads\/2021\/04\/Jumpstart-Children-First-Low-Res-Color.jpg 476w, https:\/\/roqed.com\/wp-content\/uploads\/2021\/04\/Jumpstart-Children-First-Low-Res-Color-300x138.jpg 300w\" sizes=\"(max-width: 476px) 100vw, 476px\" src=\"https:\/\/roqed.com\/wp-content\/uploads\/2021\/04\/Jumpstart-Children-First-Low-Res-Color.jpg\" alt=\"\" \/><\/div><\/div><\/div>[\/vc_column_inner][vc_column_inner width=\u00a0\u00bb2\/3&Prime;]<div class=\"pix-el-text slide-in-container w-100  \" ><div class=\"d-inline-block\" style=\"max-width:500px;\"><p class=\"text-18 m-0 text-body-default  \" ><span class=\"animate-in d-inline-block\" data-anim-delay=\"400\" data-anim-type=\"fade-in-up\">Jumpstart favorise des r\u00e9sultats d&rsquo;apprentissage \u00e9quitables pour les jeunes enfants dans les communaut\u00e9s mal desservies en recrutant et en soutenant des adultes bienveillants pour offrir des programmes de haute qualit\u00e9 aux enfants et faire \u00e9voluer les syst\u00e8mes par l&rsquo;enseignement, la d\u00e9fense des droits et le leadership.<\/span><\/p><\/div><\/div>[\/vc_column_inner][\/vc_row_inner]<\/div><\/div><div class=\"pix-content-box card      vc_custom_1617768719536    rounded-10 shadow shadow-hover-lg fly-sm animate-in bg- w-100  \"  data-anim-type=\"fade-in-up\" data-anim-delay=\"0\"><div class=\"\" style=\"z-index:30;position:relative;\">[vc_row_inner content_placement=\u00a0\u00bbmiddle\u00a0\u00bb][vc_column_inner width=\u00a0\u00bb1\/3&Prime;]<div class=\"pix-img-div  text-center\"><div class=\"animate-in  d-inline-block\" data-anim-type=\"fade-in\" data-anim-delay=\"0\"><div class=\"pix-img-el    text-center d-inline-block  w-100 rounded-0\"  ><img loading=\"lazy\" decoding=\"async\" class=\"card-img2 pix-img-elem rounded-0  h-1002\" style=\"height:auto;\" width=\"251\" height=\"157\" src=\"https:\/\/roqed.com\/wp-content\/uploads\/2021\/04\/TNTP_logo_vertical_full_color.jpg\" alt=\"\" \/><\/div><\/div><\/div>[\/vc_column_inner][vc_column_inner width=\u00a0\u00bb2\/3&Prime;]<div class=\"pix-el-text slide-in-container w-100  \" ><div class=\"d-inline-block\" style=\"max-width:500px;\"><p class=\"text-18 m-0 text-body-default  \" ><span class=\"animate-in d-inline-block\" data-anim-delay=\"400\" data-anim-type=\"fade-in-up\">La mission du TNTP est de mettre fin \u00e0 l&rsquo;injustice de l&rsquo;in\u00e9galit\u00e9 dans l&rsquo;\u00e9ducation en fournissant d&rsquo;excellents enseignants aux \u00e9l\u00e8ves qui en ont le plus besoin et en faisant progresser les politiques et les pratiques qui garantissent un enseignement efficace dans chaque salle de classe. Nous savons que l&rsquo;apprentissage des \u00e9l\u00e8ves commence avec de bons enseignants, mais ne s&rsquo;arr\u00eate pas l\u00e0. Nous travaillons \u00e0 tous les niveaux du syst\u00e8me scolaire public.<\/span><\/p><\/div><\/div>[\/vc_column_inner][\/vc_row_inner]<\/div><\/div><div class=\"pix-content-box card      vc_custom_1617768719536    rounded-10 shadow shadow-hover-lg fly-sm animate-in bg- w-100  \"  data-anim-type=\"fade-in-up\" data-anim-delay=\"0\"><div class=\"\" style=\"z-index:30;position:relative;\">[vc_row_inner content_placement=\u00a0\u00bbmiddle\u00a0\u00bb][vc_column_inner width=\u00a0\u00bb1\/3&Prime;]<div class=\"pix-img-div  text-center\"><div class=\"animate-in  d-inline-block\" data-anim-type=\"fade-in\" data-anim-delay=\"0\"><div class=\"pix-img-el    text-center d-inline-block  w-100 rounded-0\"  ><img loading=\"lazy\" decoding=\"async\" class=\"card-img2 pix-img-elem rounded-0  h-1002\" style=\"height:auto;\" width=\"1024\" height=\"512\" srcset=\"https:\/\/roqed.com\/wp-content\/uploads\/2021\/04\/d64fb56e-5acb-4f1a-bb4a-5dc484a68ffd-20190726-000217.jpg 1024w, https:\/\/roqed.com\/wp-content\/uploads\/2021\/04\/d64fb56e-5acb-4f1a-bb4a-5dc484a68ffd-20190726-000217-600x300.jpg 600w, https:\/\/roqed.com\/wp-content\/uploads\/2021\/04\/d64fb56e-5acb-4f1a-bb4a-5dc484a68ffd-20190726-000217-300x150.jpg 300w, https:\/\/roqed.com\/wp-content\/uploads\/2021\/04\/d64fb56e-5acb-4f1a-bb4a-5dc484a68ffd-20190726-000217-768x384.jpg 768w\" sizes=\"(max-width: 1024px) 100vw, 1024px\" src=\"https:\/\/roqed.com\/wp-content\/uploads\/2021\/04\/d64fb56e-5acb-4f1a-bb4a-5dc484a68ffd-20190726-000217.jpg\" alt=\"\" \/><\/div><\/div><\/div>[\/vc_column_inner][vc_column_inner width=\u00a0\u00bb2\/3&Prime;]<div class=\"pix-el-text slide-in-container w-100  \" ><div class=\"d-inline-block\" style=\"max-width:500px;\"><p class=\"text-18 m-0 text-body-default  \" ><span class=\"animate-in d-inline-block\" data-anim-delay=\"400\" data-anim-type=\"fade-in-up\">La Khan Academy propose des exercices pratiques, des vid\u00e9os p\u00e9dagogiques et un tableau de bord d&rsquo;apprentissage personnalis\u00e9 qui permettent aux apprenants d&rsquo;\u00e9tudier \u00e0 leur propre rythme, en classe ou en dehors. Nous abordons les math\u00e9matiques, les sciences, l&rsquo;informatique, l&rsquo;histoire, l&rsquo;histoire de l&rsquo;art, l&rsquo;\u00e9conomie et bien plus encore, y compris les contenus de la maternelle \u00e0 la terminale et la pr\u00e9paration aux examens (SAT, Praxis, LSAT).<\/span><\/p><\/div><\/div>[\/vc_column_inner][\/vc_row_inner]<\/div><\/div><div class=\"pix-content-box card      vc_custom_1617768719536    rounded-10 shadow shadow-hover-lg fly-sm animate-in bg- w-100  \"  data-anim-type=\"fade-in-up\" data-anim-delay=\"0\"><div class=\"\" style=\"z-index:30;position:relative;\">[vc_row_inner content_placement=\u00a0\u00bbmiddle\u00a0\u00bb][vc_column_inner width=\u00a0\u00bb1\/3&Prime;]<div class=\"pix-img-div  text-center\"><div class=\"animate-in  d-inline-block\" data-anim-type=\"fade-in\" data-anim-delay=\"0\"><div class=\"pix-img-el    text-center d-inline-block  w-100 rounded-0\"  ><img loading=\"lazy\" decoding=\"async\" class=\"card-img2 pix-img-elem rounded-0  h-1002\" style=\"height:auto;\" width=\"1280\" height=\"398\" srcset=\"https:\/\/roqed.com\/wp-content\/uploads\/2021\/04\/logo-en.jpg 1280w, https:\/\/roqed.com\/wp-content\/uploads\/2021\/04\/logo-en-600x187.jpg 600w, https:\/\/roqed.com\/wp-content\/uploads\/2021\/04\/logo-en-300x93.jpg 300w, https:\/\/roqed.com\/wp-content\/uploads\/2021\/04\/logo-en-1024x318.jpg 1024w, https:\/\/roqed.com\/wp-content\/uploads\/2021\/04\/logo-en-768x239.jpg 768w\" sizes=\"(max-width: 1280px) 100vw, 1280px\" src=\"https:\/\/roqed.com\/wp-content\/uploads\/2021\/04\/logo-en.jpg\" alt=\"\" \/><\/div><\/div><\/div>[\/vc_column_inner][vc_column_inner width=\u00a0\u00bb2\/3&Prime;]<div class=\"pix-el-text slide-in-container w-100  \" ><div class=\"d-inline-block\" style=\"max-width:500px;\"><p class=\"text-18 m-0 text-body-default  \" ><span class=\"animate-in d-inline-block\" data-anim-delay=\"400\" data-anim-type=\"fade-in-up\">Le GPE est le plus grand fonds mondial consacr\u00e9 exclusivement \u00e0 la transformation de l&rsquo;\u00e9ducation dans les pays \u00e0 faible revenu et constitue un partenariat unique et multipartite. Nous nous effor\u00e7ons d&rsquo;offrir une \u00e9ducation de qualit\u00e9 afin que chaque fille et chaque gar\u00e7on puisse avoir de l&rsquo;espoir, des opportunit\u00e9s et des moyens d&rsquo;action. Notre mission est de mobiliser des partenariats et des investissements qui transforment les syst\u00e8mes \u00e9ducatifs dans les pays \u00e0 faible revenu, sans laisser personne de c\u00f4t\u00e9.<\/span><\/p><\/div><\/div>[\/vc_column_inner][\/vc_row_inner]<\/div><\/div><div class=\"pix-content-box card      vc_custom_1617768719536    rounded-10 shadow shadow-hover-lg fly-sm animate-in bg- w-100  \"  data-anim-type=\"fade-in-up\" data-anim-delay=\"0\"><div class=\"\" style=\"z-index:30;position:relative;\">[vc_row_inner content_placement=\u00a0\u00bbmiddle\u00a0\u00bb][vc_column_inner width=\u00a0\u00bb1\/3&Prime;]<div class=\"pix-img-div  text-center\"><div class=\"animate-in  d-inline-block\" data-anim-type=\"fade-in\" data-anim-delay=\"0\"><div class=\"pix-img-el    text-center d-inline-block  w-100 rounded-0\"  ><img loading=\"lazy\" decoding=\"async\" class=\"card-img2 pix-img-elem rounded-0  h-1002\" style=\"height:auto;\" width=\"3100\" height=\"3100\" srcset=\"https:\/\/roqed.com\/wp-content\/uploads\/2021\/04\/UNESCO_logo.png 3100w, https:\/\/roqed.com\/wp-content\/uploads\/2021\/04\/UNESCO_logo-300x300.png 300w, https:\/\/roqed.com\/wp-content\/uploads\/2021\/04\/UNESCO_logo-100x100.png 100w, https:\/\/roqed.com\/wp-content\/uploads\/2021\/04\/UNESCO_logo-600x600.png 600w, https:\/\/roqed.com\/wp-content\/uploads\/2021\/04\/UNESCO_logo-1024x1024.png 1024w, https:\/\/roqed.com\/wp-content\/uploads\/2021\/04\/UNESCO_logo-150x150.png 150w, https:\/\/roqed.com\/wp-content\/uploads\/2021\/04\/UNESCO_logo-768x768.png 768w, https:\/\/roqed.com\/wp-content\/uploads\/2021\/04\/UNESCO_logo-1536x1536.png 1536w, https:\/\/roqed.com\/wp-content\/uploads\/2021\/04\/UNESCO_logo-2048x2048.png 2048w, https:\/\/roqed.com\/wp-content\/uploads\/2021\/04\/UNESCO_logo-400x400.png 400w, https:\/\/roqed.com\/wp-content\/uploads\/2021\/04\/UNESCO_logo-75x75.png 75w, https:\/\/roqed.com\/wp-content\/uploads\/2021\/04\/UNESCO_logo-460x460.png 460w\" sizes=\"(max-width: 3100px) 100vw, 3100px\" src=\"https:\/\/roqed.com\/wp-content\/uploads\/2021\/04\/UNESCO_logo.png\" alt=\"\" \/><\/div><\/div><\/div>[\/vc_column_inner][vc_column_inner width=\u00a0\u00bb2\/3&Prime;]<div class=\"pix-el-text slide-in-container w-100  \" ><div class=\"d-inline-block\" style=\"max-width:500px;\"><p class=\"text-18 m-0 text-body-default  \" ><span class=\"animate-in d-inline-block\" data-anim-delay=\"400\" data-anim-type=\"fade-in-up\">L&rsquo;UNESCO estime que l&rsquo;\u00e9ducation est un droit de l&rsquo;homme pour tous, tout au long de la vie, et que l&rsquo;acc\u00e8s \u00e0 l&rsquo;\u00e9ducation doit aller de pair avec la qualit\u00e9. L&rsquo;Organisation est la seule agence des Nations unies dont le mandat couvre tous les aspects de l&rsquo;\u00e9ducation. L&rsquo;UNESCO assure un leadership mondial et r\u00e9gional en mati\u00e8re d&rsquo;\u00e9ducation, renforce les syst\u00e8mes \u00e9ducatifs dans le monde entier et r\u00e9pond aux d\u00e9fis mondiaux contemporains par le biais de l&rsquo;\u00e9ducation, l&rsquo;\u00e9galit\u00e9 des sexes \u00e9tant un principe sous-jacent.<\/span><\/p><\/div><\/div>[\/vc_column_inner][\/vc_row_inner]<\/div><\/div><div class=\"pix-content-box card      vc_custom_1617768719536    rounded-10 shadow shadow-hover-lg fly-sm animate-in bg- w-100  \"  data-anim-type=\"fade-in-up\" data-anim-delay=\"0\"><div class=\"\" style=\"z-index:30;position:relative;\">[vc_row_inner content_placement=\u00a0\u00bbmiddle\u00a0\u00bb][vc_column_inner width=\u00a0\u00bb1\/3&Prime;]<div class=\"pix-img-div  text-center\"><div class=\"animate-in  d-inline-block\" data-anim-type=\"fade-in\" data-anim-delay=\"0\"><div class=\"pix-img-el    text-center d-inline-block  w-100 rounded-0\"  ><img loading=\"lazy\" decoding=\"async\" class=\"card-img2 pix-img-elem rounded-0  h-1002\" style=\"height:auto;\" width=\"333\" height=\"166\" srcset=\"https:\/\/roqed.com\/wp-content\/uploads\/2021\/04\/roomtoreadlogo-centered.png 333w, https:\/\/roqed.com\/wp-content\/uploads\/2021\/04\/roomtoreadlogo-centered-300x150.png 300w\" sizes=\"(max-width: 333px) 100vw, 333px\" src=\"https:\/\/roqed.com\/wp-content\/uploads\/2021\/04\/roomtoreadlogo-centered.png\" alt=\"\" \/><\/div><\/div><\/div>[\/vc_column_inner][vc_column_inner width=\u00a0\u00bb2\/3&Prime;]<div class=\"pix-el-text slide-in-container w-100  \" ><div class=\"d-inline-block\" style=\"max-width:500px;\"><p class=\"text-18 m-0 text-body-default  \" ><span class=\"animate-in d-inline-block\" data-anim-delay=\"400\" data-anim-type=\"fade-in-up\">Nous envisageons un monde dans lequel tous les enfants peuvent b\u00e9n\u00e9ficier d&rsquo;une \u00e9ducation de qualit\u00e9 qui leur permet de r\u00e9aliser leur plein potentiel et de contribuer \u00e0 leur communaut\u00e9 et au monde. En collaboration avec les communaut\u00e9s locales, les organisations partenaires et les gouvernements, nous d\u00e9veloppons l&rsquo;alphab\u00e9tisation et l&rsquo;habitude de lire chez les enfants des \u00e9coles primaires.<\/span><\/p><\/div><\/div>[\/vc_column_inner][\/vc_row_inner]<\/div><\/div><div class=\"pix-content-box card      vc_custom_1617768719536    rounded-10 shadow shadow-hover-lg fly-sm animate-in bg- w-100  \"  data-anim-type=\"fade-in-up\" data-anim-delay=\"0\"><div class=\"\" style=\"z-index:30;position:relative;\">[vc_row_inner content_placement=\u00a0\u00bbmiddle\u00a0\u00bb][vc_column_inner width=\u00a0\u00bb1\/3&Prime;]<div class=\"pix-img-div  text-center\"><div class=\"animate-in  d-inline-block\" data-anim-type=\"fade-in\" data-anim-delay=\"0\"><div class=\"pix-img-el    text-center d-inline-block  w-100 rounded-0\"  ><img loading=\"lazy\" decoding=\"async\" class=\"card-img2 pix-img-elem rounded-0  h-1002\" style=\"height:auto;\" width=\"452\" height=\"286\" srcset=\"https:\/\/roqed.com\/wp-content\/uploads\/2021\/04\/tafe-logo-1.png 452w, https:\/\/roqed.com\/wp-content\/uploads\/2021\/04\/tafe-logo-1-300x190.png 300w\" sizes=\"(max-width: 452px) 100vw, 452px\" src=\"https:\/\/roqed.com\/wp-content\/uploads\/2021\/04\/tafe-logo-1.png\" alt=\"\" \/><\/div><\/div><\/div>[\/vc_column_inner][vc_column_inner width=\u00a0\u00bb2\/3&Prime;]<div class=\"pix-el-text slide-in-container w-100  \" ><div class=\"d-inline-block\" style=\"max-width:500px;\"><p class=\"text-18 m-0 text-body-default  \" ><span class=\"animate-in d-inline-block\" data-anim-delay=\"400\" data-anim-type=\"fade-in-up\">TAFE Queensland est le prestataire de formation le plus important et le plus exp\u00e9riment\u00e9 du Queensland. Nous proposons des formations pratiques et adapt\u00e9es \u00e0 l&rsquo;industrie dans toute une s\u00e9rie de secteurs, depuis les certificats de niveau d\u00e9butant jusqu&rsquo;aux licences, sur plus de 50 sites dans le Queensland. La formation pratique et ax\u00e9e sur l&#8217;emploi est au c\u0153ur de tout ce que nous faisons.<\/span><\/p><\/div><\/div>[\/vc_column_inner][\/vc_row_inner]<\/div><\/div><div class=\"pix-content-box card      vc_custom_1617768719536    rounded-10 shadow shadow-hover-lg fly-sm animate-in bg- w-100  \"  data-anim-type=\"fade-in-up\" data-anim-delay=\"0\"><div class=\"\" style=\"z-index:30;position:relative;\">[vc_row_inner content_placement=\u00a0\u00bbmiddle\u00a0\u00bb][vc_column_inner width=\u00a0\u00bb1\/3&Prime;]<div class=\"pix-img-div  text-center\"><div class=\"animate-in  d-inline-block\" data-anim-type=\"fade-in\" data-anim-delay=\"0\"><div class=\"pix-img-el    text-center d-inline-block  w-100 rounded-0\"  ><img loading=\"lazy\" decoding=\"async\" class=\"card-img2 pix-img-elem rounded-0  h-1002\" style=\"height:auto;\" width=\"900\" height=\"500\" srcset=\"https:\/\/roqed.com\/wp-content\/uploads\/2021\/04\/United-Nations-Children_s-Fund.png 900w, https:\/\/roqed.com\/wp-content\/uploads\/2021\/04\/United-Nations-Children_s-Fund-600x333.png 600w, https:\/\/roqed.com\/wp-content\/uploads\/2021\/04\/United-Nations-Children_s-Fund-300x167.png 300w, https:\/\/roqed.com\/wp-content\/uploads\/2021\/04\/United-Nations-Children_s-Fund-768x427.png 768w\" sizes=\"(max-width: 900px) 100vw, 900px\" src=\"https:\/\/roqed.com\/wp-content\/uploads\/2021\/04\/United-Nations-Children_s-Fund.png\" alt=\"\" \/><\/div><\/div><\/div>[\/vc_column_inner][vc_column_inner width=\u00a0\u00bb2\/3&Prime;]<div class=\"pix-el-text slide-in-container w-100  \" ><div class=\"d-inline-block\" style=\"max-width:500px;\"><p class=\"text-18 m-0 text-body-default  \" ><span class=\"animate-in d-inline-block\" data-anim-delay=\"400\" data-anim-type=\"fade-in-up\">Chaque enfant a le droit d&rsquo;apprendre. L&rsquo;UNICEF travaille dans le monde entier pour favoriser un apprentissage de qualit\u00e9 pour chaque fille et chaque gar\u00e7on, en particulier ceux qui risquent le plus d&rsquo;\u00eatre laiss\u00e9s pour compte. Dans plus de 190 pays et territoires, nous mettons tout en \u0153uvre pour aider les enfants \u00e0 survivre, \u00e0 s&rsquo;\u00e9panouir et \u00e0 r\u00e9aliser leur potentiel, de la petite enfance \u00e0 l&rsquo;adolescence.<\/span><\/p><\/div><\/div>[\/vc_column_inner][\/vc_row_inner]<\/div><\/div><div class=\"pix-content-box card      vc_custom_1617768719536    rounded-10 shadow shadow-hover-lg fly-sm animate-in bg- w-100  \"  data-anim-type=\"fade-in-up\" data-anim-delay=\"0\"><div class=\"\" style=\"z-index:30;position:relative;\">[vc_row_inner content_placement=\u00a0\u00bbmiddle\u00a0\u00bb][vc_column_inner width=\u00a0\u00bb1\/3&Prime;]<div class=\"pix-img-div  text-center\"><div class=\"animate-in d-inline-block\" data-anim-type=\"fade-in\" data-anim-delay=\"0\"><a href=\"https:\/\/gamelearning.co\/\" target=\"_blank\" class=\"pix-img-el    text-center d-inline-block  rounded-0\" data-anim-type=\"fade-in\" data-anim-delay=\"0\" ><img decoding=\"async\" class=\"pix-lazy2 card-img2 rounded-0 h-1002\" src=\"https:\/\/roqed.com\/wp-content\/uploads\/2024\/06\/photo_2024-06-19-4.34.59\u202fPM.jpeg\" srcset=\"https:\/\/roqed.com\/wp-content\/uploads\/2024\/06\/photo_2024-06-19-4.34.59\u202fPM.jpeg 1048w, https:\/\/roqed.com\/wp-content\/uploads\/2024\/06\/photo_2024-06-19-4.34.59\u202fPM-300x156.jpeg 300w, https:\/\/roqed.com\/wp-content\/uploads\/2024\/06\/photo_2024-06-19-4.34.59\u202fPM-1024x533.jpeg 1024w, https:\/\/roqed.com\/wp-content\/uploads\/2024\/06\/photo_2024-06-19-4.34.59\u202fPM-768x400.jpeg 768w, https:\/\/roqed.com\/wp-content\/uploads\/2024\/06\/photo_2024-06-19-4.34.59\u202fPM-600x313.jpeg 600w\" alt=\"\" style=\"height:auto;\"\/><\/a><\/div><\/div>[\/vc_column_inner][vc_column_inner width=\u00a0\u00bb2\/3&Prime;]<div class=\"pix-el-text slide-in-container w-100  \" ><div class=\"d-inline-block\" style=\"max-width:500px;\"><p class=\"text-18 m-0 text-body-default  \" ><span class=\"animate-in d-inline-block\" data-anim-delay=\"400\" data-anim-type=\"fade-in-up\">Game Learning transforme l&rsquo;\u00e9ducation gr\u00e2ce \u00e0 des exp\u00e9riences de jeu interactives, en d\u00e9veloppant des jeux \u00e9ducatifs de pointe qui rendent l&rsquo;apprentissage amusant et efficace. Leurs solutions s&rsquo;adaptent \u00e0 diff\u00e9rentes mati\u00e8res et offrent des environnements attrayants pour les \u00e9tudiants.<\/span><\/p><\/div><\/div>[\/vc_column_inner][\/vc_row_inner]<\/div><\/div>[\/vc_column][\/vc_row][\/vc_section]","protected":false},"excerpt":{"rendered":"[vc_section full_width=\u00a0\u00bbstretch_row\u00a0\u00bb content_placement=\u00a0\u00bbmiddle\u00a0\u00bb pix_bg_grdient=\u00a0\u00bbbg-gradient-dark\u00a0\u00bb pix_over_visibility=\u00a0\u00bb\u00a0\u00bb bottom_divider_select=\u00a0\u00bb18&Prime; b_has_animation=\u00a0\u00bbtrue\u00a0\u00bb b_1_color=\u00a0\u00bb#f8f9fa\u00a0\u00bb b_2_animation=\u00a0\u00bbfade-in-up\u00a0\u00bb b_3_animation=\u00a0\u00bbfade-in-up\u00a0\u00bb pix_overlay_color=\u00a0\u00bbgray-9&Prime; css=\u00a0\u00bb.vc_custom_1617770181794{padding-top: 40px !important;padding-bottom: 40px !important;background-image: url(https:\/\/roqed.com\/wp-content\/uploads\/2021\/03\/Webp.net-resizeimage-64.jpg?id=15216) !important;}\u00a0\u00bb b_custom_height=\u00a0\u00bb200px\u00a0\u00bb b_2_delay=\u00a0\u00bb200&Prime; b_3_delay=\u00a0\u00bb300&Prime; pix_overlay_opacity=\u00a0\u00bb0.9&Prime;][vc_row content_placement=\u00a0\u00bbmiddle\u00a0\u00bb pix_dark_mode=\u00a0\u00bbyes\u00a0\u00bb pix_particles_check=\u00a0\u00bb\u00a0\u00bb css=\u00a0\u00bb.vc_custom_1617768381762{padding-top: 60px !important;padding-bottom: 60px !important;}\u00a0\u00bb][vc_column content_align=\u00a0\u00bbtext-center\u00a0\u00bb css=\u00a0\u00bb.vc_custom_1590278076706{padding-top: 20px !important;padding-bottom: 20px !important;}\u00a0\u00bb][\/vc_column][\/vc_row][\/vc_section][vc_section full_width=\u00a0\u00bbstretch_row\u00a0\u00bb pix_over_visibility=\u00a0\u00bb\u00a0\u00bb css=\u00a0\u00bb.vc_custom_1592788883964{padding-top: 80px&#8230;","protected":false},"author":6,"featured_media":0,"parent":0,"menu_order":0,"comment_status":"closed","ping_status":"closed","template":"","meta":{"_acf_changed":false,"_monsterinsights_skip_tracking":false,"_monsterinsights_sitenote_active":false,"_monsterinsights_sitenote_note":"","_monsterinsights_sitenote_category":0,"footnotes":""},"class_list":["post-309485","page","type-page","status-publish","hentry"],"acf":[],"_links":{"self":[{"href":"https:\/\/roqed.com\/fr\/wp-json\/wp\/v2\/pages\/309485","targetHints":{"allow":["GET"]}}],"collection":[{"href":"https:\/\/roqed.com\/fr\/wp-json\/wp\/v2\/pages"}],"about":[{"href":"https:\/\/roqed.com\/fr\/wp-json\/wp\/v2\/types\/page"}],"author":[{"embeddable":true,"href":"https:\/\/roqed.com\/fr\/wp-json\/wp\/v2\/users\/6"}],"replies":[{"embeddable":true,"href":"https:\/\/roqed.com\/fr\/wp-json\/wp\/v2\/comments?post=309485"}],"version-history":[{"count":0,"href":"https:\/\/roqed.com\/fr\/wp-json\/wp\/v2\/pages\/309485\/revisions"}],"wp:attachment":[{"href":"https:\/\/roqed.com\/fr\/wp-json\/wp\/v2\/media?parent=309485"}],"curies":[{"name":"wp","href":"https:\/\/api.w.org\/{rel}","templated":true}]}}